{"id":156,"date":"2019-05-10T19:42:56","date_gmt":"2019-05-11T00:42:56","guid":{"rendered":"https:\/\/elisachacon.com\/?page_id=156"},"modified":"2025-08-28T17:57:04","modified_gmt":"2025-08-28T22:57:04","slug":"home","status":"publish","type":"page","link":"https:\/\/elisachacon.com\/en\/","title":{"rendered":"Home"},"content":{"rendered":"<div data-elementor-type=\"wp-post\" data-elementor-id=\"156\" class=\"elementor elementor-156\">\n\t\t\t\t\t\t<section class=\"elementor-section elementor-top-section elementor-element elementor-element-2ff14adb elementor-section-height-min-height elementor-section-items-stretch elementor-section-boxed elementor-section-height-default\" data-id=\"2ff14adb\" data-element_type=\"section\" data-settings=\"{&quot;background_background&quot;:&quot;slideshow&quot;,&quot;background_slideshow_gallery&quot;:[{&quot;id&quot;:2429,&quot;url&quot;:&quot;http:\\\/\\\/elisachacon.com\\\/wp-content\\\/uploads\\\/2023\\\/08\\\/Captura-de-pantalla-2023-08-14-a-las-8.26.15-p.-m.png&quot;}],&quot;background_slideshow_loop&quot;:&quot;yes&quot;,&quot;background_slideshow_slide_duration&quot;:5000,&quot;background_slideshow_slide_transition&quot;:&quot;fade&quot;,&quot;background_slideshow_transition_duration&quot;:500}\">\n\t\t\t\t\t\t\t<div class=\"elementor-background-overlay\"><\/div>\n\t\t\t\t\t\t\t<div class=\"elementor-container elementor-column-gap-no\">\n\t\t\t\t\t<div class=\"elementor-column elementor-col-100 elementor-top-column elementor-element elementor-element-b1d62c5\" data-id=\"b1d62c5\" data-element_type=\"column\">\n\t\t\t<div class=\"elementor-widget-wrap elementor-element-populated\">\n\t\t\t\t\t\t<section class=\"elementor-section elementor-inner-section elementor-element elementor-element-33e38456 elementor-section-boxed elementor-section-height-default elementor-section-height-default\" data-id=\"33e38456\" data-element_type=\"section\">\n\t\t\t\t\t\t<div class=\"elementor-container elementor-column-gap-default\">\n\t\t\t\t\t<div class=\"elementor-column elementor-col-100 elementor-inner-column elementor-element elementor-element-0b3a101\" data-id=\"0b3a101\" data-element_type=\"column\">\n\t\t\t<div class=\"elementor-widget-wrap\">\n\t\t\t\t\t\t\t<\/div>\n\t\t<\/div>\n\t\t\t\t\t<\/div>\n\t\t<\/section>\n\t\t\t\t<section class=\"elementor-section elementor-inner-section elementor-element elementor-element-42f9a82 elementor-section-boxed elementor-section-height-default elementor-section-height-default\" data-id=\"42f9a82\" data-element_type=\"section\">\n\t\t\t\t\t\t<div class=\"elementor-container elementor-column-gap-default\">\n\t\t\t\t\t<div class=\"elementor-column elementor-col-100 elementor-inner-column elementor-element elementor-element-346fa2b\" data-id=\"346fa2b\" data-element_type=\"column\">\n\t\t\t<div class=\"elementor-widget-wrap elementor-element-populated\">\n\t\t\t\t\t\t<div class=\"elementor-element elementor-element-05709af elementor-widget elementor-widget-heading\" data-id=\"05709af\" data-element_type=\"widget\" data-widget_type=\"heading.default\">\n\t\t\t\t<div class=\"elementor-widget-container\">\n\t\t\t\t\t<h3 class=\"elementor-heading-title elementor-size-large\">CURSO WEEDING PLANER<\/h3>\t\t\t\t<\/div>\n\t\t\t\t<\/div>\n\t\t\t\t\t<\/div>\n\t\t<\/div>\n\t\t\t\t\t<\/div>\n\t\t<\/section>\n\t\t\t\t<section class=\"elementor-section elementor-inner-section elementor-element elementor-element-a104450 elementor-section-boxed elementor-section-height-default elementor-section-height-default\" data-id=\"a104450\" data-element_type=\"section\">\n\t\t\t\t\t\t<div class=\"elementor-container elementor-column-gap-default\">\n\t\t\t\t\t<div class=\"elementor-column elementor-col-33 elementor-inner-column elementor-element elementor-element-0293f22\" data-id=\"0293f22\" data-element_type=\"column\">\n\t\t\t<div class=\"elementor-widget-wrap\">\n\t\t\t\t\t\t\t<\/div>\n\t\t<\/div>\n\t\t\t\t<div class=\"elementor-column elementor-col-33 elementor-inner-column elementor-element elementor-element-72d8224\" data-id=\"72d8224\" data-element_type=\"column\">\n\t\t\t<div class=\"elementor-widget-wrap elementor-element-populated\">\n\t\t\t\t\t\t<div class=\"elementor-element elementor-element-4eba89b elementor-widget__width-initial elementor-widget elementor-widget-text-editor\" data-id=\"4eba89b\" data-element_type=\"widget\" data-widget_type=\"text-editor.default\">\n\t\t\t\t<div class=\"elementor-widget-container\">\n\t\t\t\t\t\t\t\t\t<p class=\"font_8\">El curso m\u00e1s completo de Am\u00e9rica Latina dictada por Elisa Chac\u00f3n quien ha realizado m\u00e1s de 200 bodas profesionales a lo largo de su carrera.<\/p>\t\t\t\t\t\t\t\t<\/div>\n\t\t\t\t<\/div>\n\t\t\t\t\t<\/div>\n\t\t<\/div>\n\t\t\t\t<div class=\"elementor-column elementor-col-33 elementor-inner-column elementor-element elementor-element-2c0cf90\" data-id=\"2c0cf90\" data-element_type=\"column\">\n\t\t\t<div class=\"elementor-widget-wrap\">\n\t\t\t\t\t\t\t<\/div>\n\t\t<\/div>\n\t\t\t\t\t<\/div>\n\t\t<\/section>\n\t\t\t\t\t<\/div>\n\t\t<\/div>\n\t\t\t\t\t<\/div>\n\t\t<\/section>\n\t\t\t\t<section class=\"elementor-section elementor-top-section elementor-element elementor-element-006659a elementor-section-content-middle elementor-section-stretched elementor-section-boxed elementor-section-height-default elementor-section-height-default\" data-id=\"006659a\" data-element_type=\"section\" data-settings=\"{&quot;background_background&quot;:&quot;classic&quot;,&quot;stretch_section&quot;:&quot;section-stretched&quot;}\">\n\t\t\t\t\t\t<div class=\"elementor-container elementor-column-gap-no\">\n\t\t\t\t\t<div class=\"elementor-column elementor-col-50 elementor-top-column elementor-element elementor-element-caa432a\" data-id=\"caa432a\" data-element_type=\"column\" data-settings=\"{&quot;background_background&quot;:&quot;classic&quot;}\">\n\t\t\t<div class=\"elementor-widget-wrap elementor-element-populated\">\n\t\t\t\t\t\t<div class=\"elementor-element elementor-element-2fcae75 elementor-widget elementor-widget-heading\" data-id=\"2fcae75\" data-element_type=\"widget\" data-widget_type=\"heading.default\">\n\t\t\t\t<div class=\"elementor-widget-container\">\n\t\t\t\t\t<h3 class=\"elementor-heading-title elementor-size-large\">Modulos del Curso<\/h3>\t\t\t\t<\/div>\n\t\t\t\t<\/div>\n\t\t\t\t<div class=\"elementor-element elementor-element-7568fd2 elementor-widget elementor-widget-text-editor\" data-id=\"7568fd2\" data-element_type=\"widget\" data-widget_type=\"text-editor.default\">\n\t\t\t\t<div class=\"elementor-widget-container\">\n\t\t\t\t\t\t\t\t\t<p>1. Introducci\u00f3n General<br \/>2. \u00bfPor d\u00f3nde empezar?<br \/>3. Finanzas y Presupuesto<br \/>4. Elecci\u00f3n de Proveedores<br \/>5. Creaci\u00f3n y Dise\u00f1o del Evento<br \/>6. Tendencias En Bodas<br \/>7. Marketing y Redes sociales<br \/>8,Manejo de Clientes<br \/>9. Eventos Sostenibles<br \/>10. Logistica y Coordinaci\u00f3n<br \/>11. Asesor\u00eda Legal<br \/>12. Fotograf\u00eda y Vide<br \/>13. Networking y Redes Sociales<br \/>14. Bodas Destino<br \/>15. Desarrollo Profesional y Personal<br \/>16. Tips<br \/>17. Etiqueta y Protocolo<\/p>\t\t\t\t\t\t\t\t<\/div>\n\t\t\t\t<\/div>\n\t\t\t\t<div class=\"elementor-element elementor-element-2c49789 elementor-widget elementor-widget-heading\" data-id=\"2c49789\" data-element_type=\"widget\" data-widget_type=\"heading.default\">\n\t\t\t\t<div class=\"elementor-widget-container\">\n\t\t\t\t\t<h2 class=\"elementor-heading-title elementor-size-default\">-Elisa Chac\u00f3n<\/h2>\t\t\t\t<\/div>\n\t\t\t\t<\/div>\n\t\t\t\t<div class=\"elementor-element elementor-element-8d71da4 elementor-align-center elementor-widget elementor-widget-button\" data-id=\"8d71da4\" data-element_type=\"widget\" data-widget_type=\"button.default\">\n\t\t\t\t<div class=\"elementor-widget-container\">\n\t\t\t\t\t\t\t\t\t<div class=\"elementor-button-wrapper\">\n\t\t\t\t\t<a class=\"elementor-button elementor-button-link elementor-size-sm\" href=\"https:\/\/pay.hotmart.com\/I100394096H\">\n\t\t\t\t\t\t<span class=\"elementor-button-content-wrapper\">\n\t\t\t\t\t\t\t\t\t<span class=\"elementor-button-text\">Comprar curso ahora<\/span>\n\t\t\t\t\t<\/span>\n\t\t\t\t\t<\/a>\n\t\t\t\t<\/div>\n\t\t\t\t\t\t\t\t<\/div>\n\t\t\t\t<\/div>\n\t\t\t\t\t<\/div>\n\t\t<\/div>\n\t\t\t\t<div class=\"elementor-column elementor-col-50 elementor-top-column elementor-element elementor-element-d42ebc6\" data-id=\"d42ebc6\" data-element_type=\"column\">\n\t\t\t<div class=\"elementor-widget-wrap elementor-element-populated\">\n\t\t\t\t\t\t<div class=\"elementor-element elementor-element-4c7d2f3 elementor-widget__width-initial elementor-widget elementor-widget-image\" data-id=\"4c7d2f3\" data-element_type=\"widget\" data-widget_type=\"image.default\">\n\t\t\t\t<div class=\"elementor-widget-container\">\n\t\t\t\t\t\t\t\t\t\t\t\t\t\t\t<img fetchpriority=\"high\" decoding=\"async\" width=\"572\" height=\"742\" src=\"https:\/\/elisachacon.com\/wp-content\/uploads\/2023\/09\/Captura-de-pantalla-2023-09-20-a-las-9.33.46-p.-m.png\" class=\"attachment-full size-full wp-image-3026\" alt=\"\" srcset=\"https:\/\/elisachacon.com\/wp-content\/uploads\/2023\/09\/Captura-de-pantalla-2023-09-20-a-las-9.33.46-p.-m.png 572w, https:\/\/elisachacon.com\/wp-content\/uploads\/2023\/09\/Captura-de-pantalla-2023-09-20-a-las-9.33.46-p.-m-231x300.png 231w, https:\/\/elisachacon.com\/wp-content\/uploads\/2023\/09\/Captura-de-pantalla-2023-09-20-a-las-9.33.46-p.-m-9x12.png 9w\" sizes=\"(max-width: 572px) 100vw, 572px\" \/>\t\t\t\t\t\t\t\t\t\t\t\t\t\t\t<\/div>\n\t\t\t\t<\/div>\n\t\t\t\t\t<\/div>\n\t\t<\/div>\n\t\t\t\t\t<\/div>\n\t\t<\/section>\n\t\t\t\t<\/div>","protected":false},"excerpt":{"rendered":"<p>CURSO WEEDING PLANER El curso m\u00e1s completo de Am\u00e9rica Latina dictada por Elisa Chac\u00f3n quien ha realizado m\u00e1s de 200 bodas profesionales a lo largo de su carrera. Modulos del Curso 1. Introducci\u00f3n General2. \u00bfPor d\u00f3nde empezar?3. Finanzas y Presupuesto4. Elecci\u00f3n de Proveedores5. Creaci\u00f3n y Dise\u00f1o del Evento6. Tendencias En Bodas7. Marketing y Redes sociales8,Manejo [&hellip;]<\/p>","protected":false},"author":1,"featured_media":0,"parent":0,"menu_order":0,"comment_status":"closed","ping_status":"closed","template":"","meta":{"footnotes":""},"class_list":["post-156","page","type-page","status-publish","hentry","entry"],"jetpack_sharing_enabled":true,"_links":{"self":[{"href":"https:\/\/elisachacon.com\/en\/wp-json\/wp\/v2\/pages\/156","targetHints":{"allow":["GET"]}}],"collection":[{"href":"https:\/\/elisachacon.com\/en\/wp-json\/wp\/v2\/pages"}],"about":[{"href":"https:\/\/elisachacon.com\/en\/wp-json\/wp\/v2\/types\/page"}],"author":[{"embeddable":true,"href":"https:\/\/elisachacon.com\/en\/wp-json\/wp\/v2\/users\/1"}],"replies":[{"embeddable":true,"href":"https:\/\/elisachacon.com\/en\/wp-json\/wp\/v2\/comments?post=156"}],"version-history":[{"count":246,"href":"https:\/\/elisachacon.com\/en\/wp-json\/wp\/v2\/pages\/156\/revisions"}],"predecessor-version":[{"id":3180,"href":"https:\/\/elisachacon.com\/en\/wp-json\/wp\/v2\/pages\/156\/revisions\/3180"}],"wp:attachment":[{"href":"https:\/\/elisachacon.com\/en\/wp-json\/wp\/v2\/media?parent=156"}],"curies":[{"name":"wp","href":"https:\/\/api.w.org\/{rel}","templated":true}]}}